{"id":9,"date":"2023-09-11T21:19:44","date_gmt":"2023-09-11T19:19:44","guid":{"rendered":"https:\/\/agendamamanactive.com\/?page_id=9"},"modified":"2024-09-07T21:31:13","modified_gmt":"2024-09-07T19:31:13","slug":"a-propos","status":"publish","type":"page","link":"https:\/\/agendamamanactive.com\/index.php\/a-propos\/","title":{"rendered":"\u00c0 propos"},"content":{"rendered":"\n<p><\/p>\n\n\n\n<div class=\"wp-block-columns are-vertically-aligned-center is-layout-flex wp-container-core-columns-is-layout-9d6595d7 wp-block-columns-is-layout-flex\">\n<div class=\"wp-block-column is-vertically-aligned-center is-layout-flow wp-block-column-is-layout-flow\" style=\"flex-basis:100%\">\n<div class=\"wp-block-group\"><div class=\"wp-block-group__inner-container is-layout-flow wp-block-group-is-layout-flow\">\n<div class=\"wp-block-group\"><div class=\"wp-block-group__inner-container is-layout-constrained wp-block-group-is-layout-constrained\">\n<div class=\"wp-block-columns has-background is-layout-flex wp-container-core-columns-is-layout-9d6595d7 wp-block-columns-is-layout-flex\" style=\"background-color:#fff0ef\">\n<div class=\"wp-block-column is-vertically-aligned-top is-layout-flow wp-block-column-is-layout-flow\" style=\"flex-basis:50%\">\n<p><\/p>\n\n\n\n<p class=\"has-text-align-center has-nv-light-bg-background-color has-background\">Bonjour, Je m&rsquo;appelle Yacine, je suis une ing\u00e9nieure en gestion de projet accomplie et maman \u00e9panouie de deux merveilleux enfants.<\/p>\n\n\n\n<p class=\"has-text-align-center has-neve-text-color-color has-nv-light-bg-background-color has-text-color has-background\">J&rsquo;ai toujours \u00e9t\u00e9 passionn\u00e9e par la gestion et l&rsquo;organisation personnelle et professionnelle et fascin\u00e9e par la mani\u00e8re d&rsquo;optimiser notre temps et notre efficacit\u00e9. <\/p>\n\n\n\n<p class=\"has-text-align-center has-neve-text-color-color has-nv-light-bg-background-color has-text-color has-background\">Jongler entre des \u00e9ch\u00e9ances strictes au travail tout en \u00e9tant pr\u00e9sente pour ma famille m&rsquo;a permis d&rsquo;explorer plusieurs m\u00e9thodes de gestion du temps et \u00e0 perfectionner mon propre syst\u00e8me.<\/p>\n\n\n\n<p class=\"has-text-align-center has-neve-text-color-color has-nv-light-bg-background-color has-text-color has-background\">En tant que maman, j&rsquo;ai \u00e9t\u00e9 aussi confront\u00e9e aux d\u00e9fis que rencontrent de nombreuses mamans qui essaient de trouver un \u00e9quilibre entre leur vie de famille et leur carri\u00e8re. C&rsquo;est la raison pour laquelle, j&rsquo;ai d\u00e9cid\u00e9 de partager mon savoir-faire.<\/p>\n\n\n\n<p class=\"has-text-align-center has-neve-text-color-color has-nv-light-bg-background-color has-text-color has-background\">Je souhaite aider d&rsquo;autres mamans actives \u00e0 g\u00e9rer leur temps de mani\u00e8re optimale, \u00e0 trouver un \u00e9quilibre entre vie personnelle et professionnelle, et \u00e0 atteindre leurs objectifs professionnels tout en \u00e9tant des parents pr\u00e9sents.<\/p>\n\n\n\n<p class=\"has-text-align-center has-neve-text-color-color has-nv-light-bg-background-color has-text-color has-background\">C&rsquo;est ainsi qu&rsquo;est n\u00e9 mon blog \u00ab\u00a0agendamamanactive\u00a0\u00bb. J&rsquo;y partage des articles informatifs sur la planification hebdomadaire, la gestion des t\u00e2ches, la conciliation travail-famille, ainsi que des ressources pratiques telles que des mod\u00e8les d&#8217;emploi du temps et des listes de t\u00e2ches. Mon objectif est d&rsquo;inspirer d&rsquo;autres mamans actives \u00e0 devenir des expertes en gestion de leur temps et \u00e0 trouver un \u00e9quilibre parfait entre vie perso et vie pro.<\/p>\n<\/div>\n\n\n\n<div class=\"wp-block-column is-vertically-aligned-center is-layout-flow wp-block-column-is-layout-flow\" style=\"flex-basis:50%\">\n<figure class=\"wp-block-image size-full is-resized size-large is-style-default\"><img fetchpriority=\"high\" decoding=\"async\" width=\"617\" height=\"617\" src=\"http:\/\/agendamamanactive.com\/wp-content\/uploads\/2024\/09\/IMG_20240227_124822_690.jpg\" alt=\"\" class=\"wp-image-257\" style=\"width:844px;height:auto\" srcset=\"https:\/\/agendamamanactive.com\/wp-content\/uploads\/2024\/09\/IMG_20240227_124822_690.jpg 617w, https:\/\/agendamamanactive.com\/wp-content\/uploads\/2024\/09\/IMG_20240227_124822_690-300x300.jpg 300w, https:\/\/agendamamanactive.com\/wp-content\/uploads\/2024\/09\/IMG_20240227_124822_690-150x150.jpg 150w\" sizes=\"(max-width: 617px) 100vw, 617px\" \/><\/figure>\n<\/div>\n<\/div>\n<\/div><\/div>\n\n\n\n<div class=\"wp-block-group\"><div class=\"wp-block-group__inner-container is-layout-constrained wp-block-group-is-layout-constrained\">\n<div style=\"height:25px\" aria-hidden=\"true\" class=\"wp-block-spacer\"><\/div>\n<\/div><\/div>\n<\/div><\/div>\n<\/div>\n<\/div>\n","protected":false},"excerpt":{"rendered":"<p>Bonjour, Je m&rsquo;appelle Yacine, je suis une ing\u00e9nieure en gestion de projet accomplie et maman \u00e9panouie de deux merveilleux enfants. J&rsquo;ai toujours \u00e9t\u00e9 passionn\u00e9e par la gestion et l&rsquo;organisation personnelle et professionnelle et fascin\u00e9e par la mani\u00e8re d&rsquo;optimiser notre temps et notre efficacit\u00e9. Jongler entre des \u00e9ch\u00e9ances strictes au travail tout en \u00e9tant pr\u00e9sente pour&hellip;&nbsp;<a href=\"https:\/\/agendamamanactive.com\/index.php\/a-propos\/\" class=\"\" rel=\"bookmark\">Lire la suite &raquo;<span class=\"screen-reader-text\">\u00c0 propos<\/span><\/a><\/p>\n","protected":false},"author":1,"featured_media":0,"parent":0,"menu_order":0,"comment_status":"closed","ping_status":"closed","template":"","meta":{"neve_meta_sidebar":"","neve_meta_container":"","neve_meta_enable_content_width":"on","neve_meta_content_width":100,"neve_meta_title_alignment":"","neve_meta_author_avatar":"","neve_post_elements_order":"","neve_meta_disable_header":"","neve_meta_disable_footer":"","neve_meta_disable_title":"on","footnotes":""},"class_list":["post-9","page","type-page","status-publish","hentry"],"_links":{"self":[{"href":"https:\/\/agendamamanactive.com\/index.php\/wp-json\/wp\/v2\/pages\/9","targetHints":{"allow":["GET"]}}],"collection":[{"href":"https:\/\/agendamamanactive.com\/index.php\/wp-json\/wp\/v2\/pages"}],"about":[{"href":"https:\/\/agendamamanactive.com\/index.php\/wp-json\/wp\/v2\/types\/page"}],"author":[{"embeddable":true,"href":"https:\/\/agendamamanactive.com\/index.php\/wp-json\/wp\/v2\/users\/1"}],"replies":[{"embeddable":true,"href":"https:\/\/agendamamanactive.com\/index.php\/wp-json\/wp\/v2\/comments?post=9"}],"version-history":[{"count":54,"href":"https:\/\/agendamamanactive.com\/index.php\/wp-json\/wp\/v2\/pages\/9\/revisions"}],"predecessor-version":[{"id":336,"href":"https:\/\/agendamamanactive.com\/index.php\/wp-json\/wp\/v2\/pages\/9\/revisions\/336"}],"wp:attachment":[{"href":"https:\/\/agendamamanactive.com\/index.php\/wp-json\/wp\/v2\/media?parent=9"}],"curies":[{"name":"wp","href":"https:\/\/api.w.org\/{rel}","templated":true}]}}